{"id":1815,"date":"2020-08-24T02:50:55","date_gmt":"2020-08-24T02:50:55","guid":{"rendered":"https:\/\/tria.com.mx\/?page_id=1815"},"modified":"2022-04-18T16:56:51","modified_gmt":"2022-04-18T16:56:51","slug":"home","status":"publish","type":"page","link":"https:\/\/tria.com.mx\/","title":{"rendered":"Inicio"},"content":{"rendered":"\n<div class=\"wp-block-cover alignfull is-light has-parallax\" style=\"background-image:url(https:\/\/tria.com.mx\/wp-content\/uploads\/2022\/04\/Tria_home.jpg);min-height:840px;aspect-ratio:unset;\"><span aria-hidden=\"true\" class=\"has-ast-global-color-1-background-color wp-block-cover__gradient-background has-background-dim\"><\/span><div class=\"wp-block-cover__inner-container is-layout-flow wp-block-cover-is-layout-flow\">\n<h1 class=\"has-text-color wp-block-heading\" style=\"color:#ffffff\">Simplifique sus procesos de negocio<\/h1>\n\n\n\n<p class=\"has-text-color\" style=\"color:#cbd2de\">Logramos la transformaci\u00f3n digital<\/p>\n\n\n\n<div class=\"wp-block-buttons is-layout-flex wp-block-buttons-is-layout-flex\">\n<div class=\"wp-block-button\"><a class=\"wp-block-button__link\" href=\"https:\/\/tria.com.mx\/?page_id=1817\">Servicios<\/a><\/div>\n<\/div>\n<\/div><\/div>\n\n\n\n<div class=\"wp-block-group alignfull has-background is-layout-flow wp-block-group-is-layout-flow\" style=\"background-color:#070705\"><div class=\"wp-block-group__inner-container\">\n<div class=\"wp-block-media-text alignwide has-media-on-the-right is-stacked-on-mobile\" style=\"grid-template-columns:auto 40%\"><figure class=\"wp-block-media-text__media\"><img loading=\"lazy\" decoding=\"async\" width=\"780\" height=\"643\" src=\"http:\/\/tria.com.mx\/wp-content\/uploads\/2022\/03\/INDEX-LOGO.png\" alt=\"\" class=\"wp-image-26123 size-full\" srcset=\"https:\/\/tria.com.mx\/wp-content\/uploads\/2022\/03\/INDEX-LOGO.png 780w, https:\/\/tria.com.mx\/wp-content\/uploads\/2022\/03\/INDEX-LOGO-300x247.png 300w, https:\/\/tria.com.mx\/wp-content\/uploads\/2022\/03\/INDEX-LOGO-768x633.png 768w\" sizes=\"auto, (max-width: 780px) 100vw, 780px\" \/><\/figure><div class=\"wp-block-media-text__content\">\n<h2 class=\"has-ast-global-color-5-color has-text-color wp-block-heading\">Servicios Cloud<\/h2>\n\n\n\n<hr class=\"wp-block-separator has-text-color has-background has-ast-global-color-0-background-color has-ast-global-color-0-color\"\/>\n\n\n\n<h4 class=\"has-text-color wp-block-heading\" style=\"color:#4b7bbd\">Dise\u00f1o, Implementaci\u00f3n y Gesti\u00f3n<\/h4>\n\n\n\n<p class=\"has-ast-global-color-4-color has-text-color\">Evaluamos y dise\u00f1amos la arquitectura empresarial en la nube; identificamos, planeamos y ejecutamos una nueva implementaci\u00f3n \u00f3 migraci\u00f3n, gestionando los servicios de una manera flexible y ajustada a las necesidades de negocio.<\/p>\n\n\n\n<p class=\"has-ast-global-color-4-color has-text-color\">Soportamos  plataformas h\u00edbridas y m\u00faltiples en la nube aplicando las mejores pr\u00e1cticas de Cyber Seguridad.<\/p>\n\n\n\n<hr class=\"wp-block-separator has-text-color has-background is-style-wide\" style=\"background-color:#d3065b;color:#d3065b\"\/>\n<\/div><\/div>\n<\/div><\/div>\n\n\n\n<div class=\"wp-block-cover alignfull is-light has-parallax\" style=\"background-image:url(http:\/\/tria.com.mx\/wp-content\/uploads\/2022\/03\/Fondo8-scaled.jpg);min-height:300px;aspect-ratio:unset;\"><span aria-hidden=\"true\" class=\"has-ast-global-color-1-background-color wp-block-cover__gradient-background has-background-dim\"><\/span><div class=\"wp-block-cover__inner-container is-layout-flow wp-block-cover-is-layout-flow\">\n<h2 class=\"has-text-align-center has-text-color wp-block-heading\" style=\"color:#ffffff\">\u00bfComo te podemos ayudar?<\/h2>\n\n\n\n<p class=\"has-text-align-center has-text-color\" style=\"color:#cbd2de\"><\/p>\n\n\n\n<div class=\"wp-block-buttons is-horizontal is-content-justification-center is-layout-flex wp-container-core-buttons-is-layout-499968f5 wp-block-buttons-is-layout-flex\">\n<div class=\"wp-block-button is-style-fill\"><a class=\"wp-block-button__link\" href=\"https:\/\/tria.com.mx\/?page_id=1819\">Cont\u00e1ctanos<\/a><\/div>\n<\/div>\n<\/div><\/div>\n\n\n\n<div class=\"wp-block-group alignfull has-background is-layout-flow wp-block-group-is-layout-flow\" style=\"background-color:#070705\"><div class=\"wp-block-group__inner-container\">\n<div class=\"wp-block-media-text alignwide is-stacked-on-mobile\" style=\"grid-template-columns:40% auto\"><figure class=\"wp-block-media-text__media\"><img loading=\"lazy\" decoding=\"async\" width=\"1024\" height=\"577\" src=\"http:\/\/tria.com.mx\/wp-content\/uploads\/2022\/03\/Fondo9-1-1024x577.jpg\" alt=\"\" class=\"wp-image-26145 size-full\" srcset=\"https:\/\/tria.com.mx\/wp-content\/uploads\/2022\/03\/Fondo9-1-1024x577.jpg 1024w, https:\/\/tria.com.mx\/wp-content\/uploads\/2022\/03\/Fondo9-1-300x169.jpg 300w, https:\/\/tria.com.mx\/wp-content\/uploads\/2022\/03\/Fondo9-1-768x433.jpg 768w, https:\/\/tria.com.mx\/wp-content\/uploads\/2022\/03\/Fondo9-1-1536x866.jpg 1536w, https:\/\/tria.com.mx\/wp-content\/uploads\/2022\/03\/Fondo9-1.jpg 1916w\" sizes=\"auto, (max-width: 1024px) 100vw, 1024px\" \/><\/figure><div class=\"wp-block-media-text__content\">\n<h2 class=\"has-ast-global-color-5-color has-text-color wp-block-heading\">Automatizaci\u00f3n de Negocio<\/h2>\n\n\n\n<hr class=\"wp-block-separator has-text-color has-background has-ast-global-color-0-background-color has-ast-global-color-0-color is-style-default\"\/>\n\n\n\n<h4 class=\"has-text-color wp-block-heading\" style=\"color:#4b7bbd\">Orquestaci\u00f3n y Soluciones de gesti\u00f3n empresarial<\/h4>\n\n\n\n<p class=\"has-ast-global-color-4-color has-text-color\">Evaluamos y desarrollamos modelos de automatizaci\u00f3n a la medida para la soluci\u00f3n de problemas del d\u00eda a d\u00eda.<\/p>\n\n\n\n<p class=\"has-ast-global-color-4-color has-text-color\">Contamos con plataformas tecnol\u00f3gicas a la medida que permiten la automatizaci\u00f3n de los procesos, asegurando la continuidad y productividad de su compa\u00f1\u00eda.<\/p>\n\n\n\n<hr class=\"wp-block-separator has-text-color has-background is-style-wide\" style=\"background-color:#d3065b;color:#d3065b\"\/>\n<\/div><\/div>\n<\/div><\/div>\n\n\n\n<div class=\"wp-block-group alignfull has-background is-layout-flow wp-block-group-is-layout-flow\" style=\"background-color:#070705\"><div class=\"wp-block-group__inner-container\">\n<div class=\"wp-block-media-text alignwide has-media-on-the-right is-stacked-on-mobile is-vertically-aligned-top\" style=\"grid-template-columns:auto 40%\"><figure class=\"wp-block-media-text__media\"><img loading=\"lazy\" decoding=\"async\" width=\"1024\" height=\"576\" src=\"http:\/\/tria.com.mx\/wp-content\/uploads\/2022\/03\/Fondo7-1024x576.jpg\" alt=\"\" class=\"wp-image-25923 size-full\" srcset=\"https:\/\/tria.com.mx\/wp-content\/uploads\/2022\/03\/Fondo7-1024x576.jpg 1024w, https:\/\/tria.com.mx\/wp-content\/uploads\/2022\/03\/Fondo7-300x169.jpg 300w, https:\/\/tria.com.mx\/wp-content\/uploads\/2022\/03\/Fondo7-768x432.jpg 768w, https:\/\/tria.com.mx\/wp-content\/uploads\/2022\/03\/Fondo7-1536x864.jpg 1536w, https:\/\/tria.com.mx\/wp-content\/uploads\/2022\/03\/Fondo7.jpg 1920w\" sizes=\"auto, (max-width: 1024px) 100vw, 1024px\" \/><\/figure><div class=\"wp-block-media-text__content\">\n<h2 class=\"has-ast-global-color-5-color has-text-color wp-block-heading\">Servicios de Consultor\u00eda<\/h2>\n\n\n\n<hr class=\"wp-block-separator has-text-color has-background has-ast-global-color-0-background-color has-ast-global-color-0-color is-style-default\"\/>\n\n\n\n<h4 class=\"has-text-color wp-block-heading\" style=\"color:#4b7bbd\">Gesti\u00f3n y Transformaci\u00f3n digital<\/h4>\n\n\n\n<p class=\"has-ast-global-color-4-color has-text-color\">Contamos con profesionales especializados para soportar las necesidades t\u00e9cnicas de nuestros clientes, as\u00ed como para completar las actividades de gesti\u00f3n y ejecuci\u00f3n de proyectos tecnol\u00f3gicos.<\/p>\n\n\n\n<p class=\"has-ast-global-color-4-color has-text-color\">Nuestro equipo cuenta  con las certificaciones tecnol\u00f3gicas  que aseguran el \u00e9xito de la transformaci\u00f3n digital.<\/p>\n\n\n\n<hr class=\"wp-block-separator has-text-color has-background is-style-wide\" style=\"background-color:#d3065b;color:#d3065b\"\/>\n<\/div><\/div>\n<\/div><\/div>\n\n\n\n<div class=\"wp-block-group alignfull has-ast-global-color-5-background-color has-background is-layout-flow wp-block-group-is-layout-flow\"><div class=\"wp-block-group__inner-container\">\n<h2 class=\"has-ast-global-color-5-background-color has-background wp-block-heading\"><strong>Alianzas estrat\u00e9gicas<\/strong><\/h2>\n\n\n\n<div class=\"wp-block-columns is-layout-flex wp-container-core-columns-is-layout-9d6595d7 wp-block-columns-is-layout-flex\">\n<div class=\"wp-block-column is-layout-flow wp-block-column-is-layout-flow\">\n<div class=\"wp-block-image is-style-default\"><figure class=\"aligncenter size-full\"><img loading=\"lazy\" decoding=\"async\" width=\"1023\" height=\"641\" src=\"http:\/\/tria.com.mx\/wp-content\/uploads\/2022\/03\/Azure.png\" alt=\"\" class=\"wp-image-25702\" srcset=\"https:\/\/tria.com.mx\/wp-content\/uploads\/2022\/03\/Azure.png 1023w, https:\/\/tria.com.mx\/wp-content\/uploads\/2022\/03\/Azure-300x188.png 300w, https:\/\/tria.com.mx\/wp-content\/uploads\/2022\/03\/Azure-768x481.png 768w\" sizes=\"auto, (max-width: 1023px) 100vw, 1023px\" \/><\/figure><\/div>\n<\/div>\n\n\n\n<div class=\"wp-block-column is-layout-flow wp-block-column-is-layout-flow\">\n<div class=\"wp-block-image is-style-default\"><figure class=\"aligncenter size-full\"><img loading=\"lazy\" decoding=\"async\" width=\"1023\" height=\"640\" src=\"http:\/\/tria.com.mx\/wp-content\/uploads\/2022\/03\/Google.png\" alt=\"\" class=\"wp-image-25703\" srcset=\"https:\/\/tria.com.mx\/wp-content\/uploads\/2022\/03\/Google.png 1023w, https:\/\/tria.com.mx\/wp-content\/uploads\/2022\/03\/Google-300x188.png 300w, https:\/\/tria.com.mx\/wp-content\/uploads\/2022\/03\/Google-768x480.png 768w\" sizes=\"auto, (max-width: 1023px) 100vw, 1023px\" \/><\/figure><\/div>\n<\/div>\n\n\n\n<div class=\"wp-block-column is-layout-flow wp-block-column-is-layout-flow\">\n<div class=\"wp-block-image is-style-default\"><figure class=\"aligncenter size-full\"><img loading=\"lazy\" decoding=\"async\" width=\"1023\" height=\"640\" src=\"http:\/\/tria.com.mx\/wp-content\/uploads\/2022\/03\/Amazon_Webservices.png\" alt=\"\" class=\"wp-image-25904\" srcset=\"https:\/\/tria.com.mx\/wp-content\/uploads\/2022\/03\/Amazon_Webservices.png 1023w, https:\/\/tria.com.mx\/wp-content\/uploads\/2022\/03\/Amazon_Webservices-300x188.png 300w, https:\/\/tria.com.mx\/wp-content\/uploads\/2022\/03\/Amazon_Webservices-768x480.png 768w\" sizes=\"auto, (max-width: 1023px) 100vw, 1023px\" \/><\/figure><\/div>\n<\/div>\n\n\n\n<div class=\"wp-block-column is-layout-flow wp-block-column-is-layout-flow\">\n<div class=\"wp-block-image is-style-default\"><figure class=\"aligncenter size-full\"><img loading=\"lazy\" decoding=\"async\" width=\"1023\" height=\"640\" src=\"http:\/\/tria.com.mx\/wp-content\/uploads\/2022\/03\/PMI.png\" alt=\"\" class=\"wp-image-25707\" srcset=\"https:\/\/tria.com.mx\/wp-content\/uploads\/2022\/03\/PMI.png 1023w, https:\/\/tria.com.mx\/wp-content\/uploads\/2022\/03\/PMI-300x188.png 300w, https:\/\/tria.com.mx\/wp-content\/uploads\/2022\/03\/PMI-768x480.png 768w\" sizes=\"auto, (max-width: 1023px) 100vw, 1023px\" \/><\/figure><\/div>\n<\/div>\n\n\n\n<div class=\"wp-block-column is-layout-flow wp-block-column-is-layout-flow\">\n<div class=\"wp-block-image is-style-default\"><figure class=\"aligncenter size-full\"><img loading=\"lazy\" decoding=\"async\" width=\"1023\" height=\"639\" src=\"http:\/\/tria.com.mx\/wp-content\/uploads\/2022\/03\/ITIL.jpg\" alt=\"\" class=\"wp-image-25705\" srcset=\"https:\/\/tria.com.mx\/wp-content\/uploads\/2022\/03\/ITIL.jpg 1023w, https:\/\/tria.com.mx\/wp-content\/uploads\/2022\/03\/ITIL-300x187.jpg 300w, https:\/\/tria.com.mx\/wp-content\/uploads\/2022\/03\/ITIL-768x480.jpg 768w\" sizes=\"auto, (max-width: 1023px) 100vw, 1023px\" \/><\/figure><\/div>\n<\/div>\n<\/div>\n\n\n\n<div class=\"wp-block-columns is-layout-flex wp-container-core-columns-is-layout-9d6595d7 wp-block-columns-is-layout-flex\">\n<div class=\"wp-block-column is-layout-flow wp-block-column-is-layout-flow\">\n<figure class=\"wp-block-image size-full is-style-default\"><img loading=\"lazy\" decoding=\"async\" width=\"1023\" height=\"640\" src=\"http:\/\/tria.com.mx\/wp-content\/uploads\/2022\/03\/Microsoft.png\" alt=\"\" class=\"wp-image-25706\" srcset=\"https:\/\/tria.com.mx\/wp-content\/uploads\/2022\/03\/Microsoft.png 1023w, https:\/\/tria.com.mx\/wp-content\/uploads\/2022\/03\/Microsoft-300x188.png 300w, https:\/\/tria.com.mx\/wp-content\/uploads\/2022\/03\/Microsoft-768x480.png 768w\" sizes=\"auto, (max-width: 1023px) 100vw, 1023px\" \/><\/figure>\n<\/div>\n\n\n\n<div class=\"wp-block-column is-layout-flow wp-block-column-is-layout-flow\">\n<figure class=\"wp-block-image size-full is-style-default\"><img loading=\"lazy\" decoding=\"async\" width=\"1023\" height=\"640\" src=\"http:\/\/tria.com.mx\/wp-content\/uploads\/2022\/03\/Amazon.png\" alt=\"\" class=\"wp-image-25700\" srcset=\"https:\/\/tria.com.mx\/wp-content\/uploads\/2022\/03\/Amazon.png 1023w, https:\/\/tria.com.mx\/wp-content\/uploads\/2022\/03\/Amazon-300x188.png 300w, https:\/\/tria.com.mx\/wp-content\/uploads\/2022\/03\/Amazon-768x480.png 768w\" sizes=\"auto, (max-width: 1023px) 100vw, 1023px\" \/><\/figure>\n<\/div>\n\n\n\n<div class=\"wp-block-column is-layout-flow wp-block-column-is-layout-flow\">\n<figure class=\"wp-block-image size-full is-style-default\"><img loading=\"lazy\" decoding=\"async\" width=\"1023\" height=\"640\" src=\"http:\/\/tria.com.mx\/wp-content\/uploads\/2022\/03\/Netsuite.png\" alt=\"\" class=\"wp-image-25905\" srcset=\"https:\/\/tria.com.mx\/wp-content\/uploads\/2022\/03\/Netsuite.png 1023w, https:\/\/tria.com.mx\/wp-content\/uploads\/2022\/03\/Netsuite-300x188.png 300w, https:\/\/tria.com.mx\/wp-content\/uploads\/2022\/03\/Netsuite-768x480.png 768w\" sizes=\"auto, (max-width: 1023px) 100vw, 1023px\" \/><\/figure>\n<\/div>\n\n\n\n<div class=\"wp-block-column is-layout-flow wp-block-column-is-layout-flow\">\n<figure class=\"wp-block-image size-full is-style-default\"><img loading=\"lazy\" decoding=\"async\" width=\"1023\" height=\"639\" src=\"http:\/\/tria.com.mx\/wp-content\/uploads\/2022\/03\/safe.png\" alt=\"\" class=\"wp-image-25708\" srcset=\"https:\/\/tria.com.mx\/wp-content\/uploads\/2022\/03\/safe.png 1023w, https:\/\/tria.com.mx\/wp-content\/uploads\/2022\/03\/safe-300x187.png 300w, https:\/\/tria.com.mx\/wp-content\/uploads\/2022\/03\/safe-768x480.png 768w\" sizes=\"auto, (max-width: 1023px) 100vw, 1023px\" \/><\/figure>\n<\/div>\n\n\n\n<div class=\"wp-block-column is-layout-flow wp-block-column-is-layout-flow\">\n<figure class=\"wp-block-image size-full is-style-default\"><img loading=\"lazy\" decoding=\"async\" width=\"1023\" height=\"640\" src=\"http:\/\/tria.com.mx\/wp-content\/uploads\/2022\/03\/EmQu_Logo.png\" alt=\"\" class=\"wp-image-25714\" srcset=\"https:\/\/tria.com.mx\/wp-content\/uploads\/2022\/03\/EmQu_Logo.png 1023w, https:\/\/tria.com.mx\/wp-content\/uploads\/2022\/03\/EmQu_Logo-300x188.png 300w, https:\/\/tria.com.mx\/wp-content\/uploads\/2022\/03\/EmQu_Logo-768x480.png 768w\" sizes=\"auto, (max-width: 1023px) 100vw, 1023px\" \/><\/figure>\n<\/div>\n<\/div>\n<\/div><\/div>\n\n\n\n<p><\/p>\n","protected":false},"excerpt":{"rendered":"<p>Servicios Cloud Dise\u00f1o, Implementaci\u00f3n y Gesti\u00f3n Evaluamos y dise\u00f1amos la arquitectura empresarial en la nube; identificamos, planeamos y ejecutamos una nueva implementaci\u00f3n \u00f3 migraci\u00f3n, gestionando los servicios de una manera flexible y ajustada a las necesidades de negocio. Soportamos plataformas h\u00edbridas y m\u00faltiples en la nube aplicando las mejores pr\u00e1cticas de Cyber Seguridad. Automatizaci\u00f3n de &hellip;<\/p>\n<p class=\"read-more\"> <a class=\"\" href=\"https:\/\/tria.com.mx\/\"> <span class=\"screen-reader-text\">Inicio<\/span> Read More &raquo;<\/a><\/p>\n","protected":false},"author":1,"featured_media":0,"parent":0,"menu_order":0,"comment_status":"closed","ping_status":"closed","template":"","meta":{"om_disable_all_campaigns":false,"_monsterinsights_skip_tracking":false,"_monsterinsights_sitenote_active":false,"_monsterinsights_sitenote_note":"","_monsterinsights_sitenote_category":0,"site-sidebar-layout":"no-sidebar","site-content-layout":"plain-container","ast-main-header-display":"","ast-hfb-above-header-display":"","ast-hfb-below-header-display":"","ast-hfb-mobile-header-display":"","site-post-title":"disabled","ast-breadcrumbs-content":"","ast-featured-img":"disabled","footer-sml-layout":"","theme-transparent-header-meta":"enabled","adv-header-id-meta":"","stick-header-meta":"","header-above-stick-meta":"","header-main-stick-meta":"","header-below-stick-meta":"","footnotes":""},"class_list":["post-1815","page","type-page","status-publish","hentry"],"aioseo_notices":[],"uagb_featured_image_src":{"full":false,"thumbnail":false,"medium":false,"medium_large":false,"large":false,"1536x1536":false,"2048x2048":false},"uagb_author_info":{"display_name":"ronald.pebesm@gmail.com","author_link":"https:\/\/tria.com.mx\/?author=1"},"uagb_comment_info":0,"uagb_excerpt":"Servicios Cloud Dise\u00f1o, Implementaci\u00f3n y Gesti\u00f3n Evaluamos y dise\u00f1amos la arquitectura empresarial en la nube; identificamos, planeamos y ejecutamos una nueva implementaci\u00f3n \u00f3 migraci\u00f3n, gestionando los servicios de una manera flexible y ajustada a las necesidades de negocio. Soportamos plataformas h\u00edbridas y m\u00faltiples en la nube aplicando las mejores pr\u00e1cticas de Cyber Seguridad. Automatizaci\u00f3n de&hellip;","_links":{"self":[{"href":"https:\/\/tria.com.mx\/index.php?rest_route=\/wp\/v2\/pages\/1815","targetHints":{"allow":["GET"]}}],"collection":[{"href":"https:\/\/tria.com.mx\/index.php?rest_route=\/wp\/v2\/pages"}],"about":[{"href":"https:\/\/tria.com.mx\/index.php?rest_route=\/wp\/v2\/types\/page"}],"author":[{"embeddable":true,"href":"https:\/\/tria.com.mx\/index.php?rest_route=\/wp\/v2\/users\/1"}],"replies":[{"embeddable":true,"href":"https:\/\/tria.com.mx\/index.php?rest_route=%2Fwp%2Fv2%2Fcomments&post=1815"}],"version-history":[{"count":178,"href":"https:\/\/tria.com.mx\/index.php?rest_route=\/wp\/v2\/pages\/1815\/revisions"}],"predecessor-version":[{"id":26953,"href":"https:\/\/tria.com.mx\/index.php?rest_route=\/wp\/v2\/pages\/1815\/revisions\/26953"}],"wp:attachment":[{"href":"https:\/\/tria.com.mx\/index.php?rest_route=%2Fwp%2Fv2%2Fmedia&parent=1815"}],"curies":[{"name":"wp","href":"https:\/\/api.w.org\/{rel}","templated":true}]}}