{"id":1816,"date":"2020-08-24T02:50:55","date_gmt":"2020-08-24T02:50:55","guid":{"rendered":"https:\/\/tria.com.mx\/?page_id=1816"},"modified":"2022-04-08T22:38:52","modified_gmt":"2022-04-08T22:38:52","slug":"about","status":"publish","type":"page","link":"https:\/\/tria.com.mx\/?page_id=1816","title":{"rendered":"Nosotros"},"content":{"rendered":"\n<div class=\"wp-block-cover alignfull\" style=\"min-height:470px;aspect-ratio:unset;\"><span aria-hidden=\"true\" class=\"has-ast-global-color-2-background-color wp-block-cover__gradient-background has-background-dim\"><\/span><img loading=\"lazy\" decoding=\"async\" width=\"1920\" height=\"1152\" class=\"wp-block-cover__image-background wp-image-25773\" alt=\"\" src=\"http:\/\/tria.com.mx\/wp-content\/uploads\/2022\/03\/Nosotros1.jpg\" data-object-fit=\"cover\" srcset=\"https:\/\/tria.com.mx\/wp-content\/uploads\/2022\/03\/Nosotros1.jpg 1920w, https:\/\/tria.com.mx\/wp-content\/uploads\/2022\/03\/Nosotros1-300x180.jpg 300w, https:\/\/tria.com.mx\/wp-content\/uploads\/2022\/03\/Nosotros1-1024x614.jpg 1024w, https:\/\/tria.com.mx\/wp-content\/uploads\/2022\/03\/Nosotros1-768x461.jpg 768w, https:\/\/tria.com.mx\/wp-content\/uploads\/2022\/03\/Nosotros1-1536x922.jpg 1536w\" sizes=\"auto, (max-width: 1920px) 100vw, 1920px\" \/><div class=\"wp-block-cover__inner-container is-layout-flow wp-block-cover-is-layout-flow\">\n<h1 class=\"has-text-color wp-block-heading\" style=\"color:#ffffff\">NOSOTROS<\/h1>\n<\/div><\/div>\n\n\n\n<div class=\"wp-block-group alignfull has-ast-global-color-5-background-color has-background is-layout-flow wp-block-group-is-layout-flow\"><div class=\"wp-block-group__inner-container\">\n<div class=\"wp-block-media-text alignwide is-stacked-on-mobile is-vertically-aligned-top\" style=\"grid-template-columns:35% auto\"><figure class=\"wp-block-media-text__media\"><img loading=\"lazy\" decoding=\"async\" width=\"510\" height=\"575\" src=\"https:\/\/tria.com.mx\/wp-content\/uploads\/2022\/03\/Nosotros4.jpg\" alt=\"\" class=\"wp-image-26013 size-full\" srcset=\"https:\/\/tria.com.mx\/wp-content\/uploads\/2022\/03\/Nosotros4.jpg 510w, https:\/\/tria.com.mx\/wp-content\/uploads\/2022\/03\/Nosotros4-266x300.jpg 266w\" sizes=\"auto, (max-width: 510px) 100vw, 510px\" \/><\/figure><div class=\"wp-block-media-text__content\">\n<h2 class=\"wp-block-heading\">Qui\u00e9nes Somos<\/h2>\n\n\n\n<h4 class=\"has-medium-font-size wp-block-heading\">TRIA es una empresa especializada en servicios de Tecnolog\u00eda de la Informaci\u00f3n, formada por una red de profesionales con experiencia en metodolog\u00edas y mejores pr\u00e1cticas a nivel mundial, que nos permite la entrega soluciones \u00e1giles y eficientes.<\/h4>\n\n\n\n<p>Acompa\u00f1amos a nuestros clientes en la optimizaci\u00f3n de sus procesos y recursos, apoyados en tecnolog\u00edas de vanguardia para enfrentar los desaf\u00edos que esto implica, desde la planeaci\u00f3n de una estrategia hasta su ejecuci\u00f3n y cierre.<\/p>\n<\/div><\/div>\n<\/div><\/div>\n\n\n\n<div class=\"wp-block-group alignfull has-background is-layout-flow wp-block-group-is-layout-flow\" style=\"background-color:#ebebeb\"><div class=\"wp-block-group__inner-container\">\n<h2 class=\"wp-block-heading\">Nuestra Historia<\/h2>\n\n\n\n<p>Tecnolog\u00eda en Redes de Informaci\u00f3n Aplicada S.A. de C.V nace  como empresa Mexicana en el 2004,&nbsp; como respuesta a la creciente demanda de soluciones tecnol\u00f3gicas en las empresas que buscan ser m\u00e1s&nbsp; \u00e1giles en la toma de decisiones y aumentar su capacidad competitiva<\/p>\n\n\n\n<div class=\"wp-block-columns is-layout-flex wp-container-core-columns-is-layout-9d6595d7 wp-block-columns-is-layout-flex\">\n<div class=\"wp-block-column has-background is-layout-flow wp-block-column-is-layout-flow\" style=\"background-color:#ebebeb\">\n<div class=\"wp-block-image\"><figure class=\"aligncenter size-full\"><img loading=\"lazy\" decoding=\"async\" width=\"115\" height=\"115\" src=\"http:\/\/tria.com.mx\/wp-content\/uploads\/2022\/03\/VISION.png\" alt=\"\" class=\"wp-image-26099\"\/><\/figure><\/div>\n\n\n\n<h4 class=\"has-text-align-center wp-block-heading\">Visi\u00f3n<\/h4>\n\n\n\n<p class=\"has-text-align-center\">Distinguirnos como socios tecnol\u00f3gicos, desarrollando estrategias y aportando conocimiento en la entrega de soluciones.<\/p>\n<\/div>\n\n\n\n<div class=\"wp-block-column has-background is-layout-flow wp-block-column-is-layout-flow\" style=\"background-color:#ebebeb\">\n<div class=\"wp-block-image\"><figure class=\"aligncenter size-full\"><img loading=\"lazy\" decoding=\"async\" width=\"121\" height=\"123\" src=\"http:\/\/tria.com.mx\/wp-content\/uploads\/2022\/03\/MISION.png\" alt=\"\" class=\"wp-image-26098\"\/><\/figure><\/div>\n\n\n\n<h4 class=\"has-text-align-center wp-block-heading\">Misi\u00f3n \u200b<\/h4>\n\n\n\n<p class=\"has-text-align-center\">Generar un impacto positivo en nuestros clientes, apoy\u00e1ndolos en la b\u00fasqueda del \u00e9xito y competitividad empresarial.<\/p>\n<\/div>\n<\/div>\n<\/div><\/div>\n\n\n\n<div class=\"wp-block-group alignfull has-ast-global-color-5-background-color has-background is-layout-flow wp-block-group-is-layout-flow\"><div class=\"wp-block-group__inner-container\">\n<h2 class=\"wp-block-heading\">Nuestros Expertos<\/h2>\n\n\n\n<p>Contamos con personal altamente calificado con m\u00e1s de 15 a\u00f1os de experiencia en el \u00e1rea de TI y certificaciones especializadas que nos permiten ofrecer servicios de calidad.  <\/p>\n\n\n\n<div class=\"wp-block-columns is-layout-flex wp-container-core-columns-is-layout-9d6595d7 wp-block-columns-is-layout-flex\">\n<div class=\"wp-block-column is-layout-flow wp-block-column-is-layout-flow\">\n<figure class=\"wp-block-image size-full\"><img loading=\"lazy\" decoding=\"async\" width=\"340\" height=\"340\" src=\"http:\/\/tria.com.mx\/wp-content\/uploads\/2022\/03\/AWS-SolArchitect-Professional-2020.png\" alt=\"\" class=\"wp-image-26030\" srcset=\"https:\/\/tria.com.mx\/wp-content\/uploads\/2022\/03\/AWS-SolArchitect-Professional-2020.png 340w, https:\/\/tria.com.mx\/wp-content\/uploads\/2022\/03\/AWS-SolArchitect-Professional-2020-300x300.png 300w, https:\/\/tria.com.mx\/wp-content\/uploads\/2022\/03\/AWS-SolArchitect-Professional-2020-150x150.png 150w\" sizes=\"auto, (max-width: 340px) 100vw, 340px\" \/><\/figure>\n<\/div>\n\n\n\n<div class=\"wp-block-column is-layout-flow wp-block-column-is-layout-flow\">\n<figure class=\"wp-block-image size-full\"><img loading=\"lazy\" decoding=\"async\" width=\"340\" height=\"340\" src=\"http:\/\/tria.com.mx\/wp-content\/uploads\/2022\/03\/AWS-SolArchitect-Associate-2020-1.png\" alt=\"\" class=\"wp-image-26029\" srcset=\"https:\/\/tria.com.mx\/wp-content\/uploads\/2022\/03\/AWS-SolArchitect-Associate-2020-1.png 340w, https:\/\/tria.com.mx\/wp-content\/uploads\/2022\/03\/AWS-SolArchitect-Associate-2020-1-300x300.png 300w, https:\/\/tria.com.mx\/wp-content\/uploads\/2022\/03\/AWS-SolArchitect-Associate-2020-1-150x150.png 150w\" sizes=\"auto, (max-width: 340px) 100vw, 340px\" \/><\/figure>\n<\/div>\n\n\n\n<div class=\"wp-block-column is-layout-flow wp-block-column-is-layout-flow\">\n<figure class=\"wp-block-image size-full\"><img loading=\"lazy\" decoding=\"async\" width=\"340\" height=\"340\" src=\"http:\/\/tria.com.mx\/wp-content\/uploads\/2022\/03\/AWS-BigData-Specialty-2020.png\" alt=\"\" class=\"wp-image-26027\" srcset=\"https:\/\/tria.com.mx\/wp-content\/uploads\/2022\/03\/AWS-BigData-Specialty-2020.png 340w, https:\/\/tria.com.mx\/wp-content\/uploads\/2022\/03\/AWS-BigData-Specialty-2020-300x300.png 300w, https:\/\/tria.com.mx\/wp-content\/uploads\/2022\/03\/AWS-BigData-Specialty-2020-150x150.png 150w\" sizes=\"auto, (max-width: 340px) 100vw, 340px\" \/><\/figure>\n<\/div>\n\n\n\n<div class=\"wp-block-column is-layout-flow wp-block-column-is-layout-flow\">\n<figure class=\"wp-block-image size-full\"><img loading=\"lazy\" decoding=\"async\" width=\"340\" height=\"340\" src=\"http:\/\/tria.com.mx\/wp-content\/uploads\/2022\/03\/AWS-Security-Specialty-2020.png\" alt=\"\" class=\"wp-image-26028\" srcset=\"https:\/\/tria.com.mx\/wp-content\/uploads\/2022\/03\/AWS-Security-Specialty-2020.png 340w, https:\/\/tria.com.mx\/wp-content\/uploads\/2022\/03\/AWS-Security-Specialty-2020-300x300.png 300w, https:\/\/tria.com.mx\/wp-content\/uploads\/2022\/03\/AWS-Security-Specialty-2020-150x150.png 150w\" sizes=\"auto, (max-width: 340px) 100vw, 340px\" \/><\/figure>\n<\/div>\n\n\n\n<div class=\"wp-block-column is-layout-flow wp-block-column-is-layout-flow\">\n<figure class=\"wp-block-image size-full\"><img loading=\"lazy\" decoding=\"async\" width=\"340\" height=\"340\" src=\"http:\/\/tria.com.mx\/wp-content\/uploads\/2022\/03\/Azure-Solutions-Architect-Exper.png\" alt=\"\" class=\"wp-image-26035\" srcset=\"https:\/\/tria.com.mx\/wp-content\/uploads\/2022\/03\/Azure-Solutions-Architect-Exper.png 340w, https:\/\/tria.com.mx\/wp-content\/uploads\/2022\/03\/Azure-Solutions-Architect-Exper-300x300.png 300w, https:\/\/tria.com.mx\/wp-content\/uploads\/2022\/03\/Azure-Solutions-Architect-Exper-150x150.png 150w\" sizes=\"auto, (max-width: 340px) 100vw, 340px\" \/><\/figure>\n<\/div>\n\n\n\n<div class=\"wp-block-column is-layout-flow wp-block-column-is-layout-flow\">\n<figure class=\"wp-block-image size-full\"><img loading=\"lazy\" decoding=\"async\" width=\"340\" height=\"340\" src=\"http:\/\/tria.com.mx\/wp-content\/uploads\/2022\/03\/Azure-Administrator-Associate.png\" alt=\"\" class=\"wp-image-26033\" srcset=\"https:\/\/tria.com.mx\/wp-content\/uploads\/2022\/03\/Azure-Administrator-Associate.png 340w, https:\/\/tria.com.mx\/wp-content\/uploads\/2022\/03\/Azure-Administrator-Associate-300x300.png 300w, https:\/\/tria.com.mx\/wp-content\/uploads\/2022\/03\/Azure-Administrator-Associate-150x150.png 150w\" sizes=\"auto, (max-width: 340px) 100vw, 340px\" \/><\/figure>\n<\/div>\n\n\n\n<div class=\"wp-block-column is-layout-flow wp-block-column-is-layout-flow\">\n<figure class=\"wp-block-image size-full\"><img loading=\"lazy\" decoding=\"async\" width=\"340\" height=\"340\" src=\"http:\/\/tria.com.mx\/wp-content\/uploads\/2022\/03\/CERT-Expert-DevOps-Engineer-600x600-1.png\" alt=\"\" class=\"wp-image-26036\" srcset=\"https:\/\/tria.com.mx\/wp-content\/uploads\/2022\/03\/CERT-Expert-DevOps-Engineer-600x600-1.png 340w, https:\/\/tria.com.mx\/wp-content\/uploads\/2022\/03\/CERT-Expert-DevOps-Engineer-600x600-1-300x300.png 300w, https:\/\/tria.com.mx\/wp-content\/uploads\/2022\/03\/CERT-Expert-DevOps-Engineer-600x600-1-150x150.png 150w\" sizes=\"auto, (max-width: 340px) 100vw, 340px\" \/><\/figure>\n<\/div>\n\n\n\n<div class=\"wp-block-column is-layout-flow wp-block-column-is-layout-flow\">\n<figure class=\"wp-block-image size-full\"><img loading=\"lazy\" decoding=\"async\" width=\"340\" height=\"340\" src=\"http:\/\/tria.com.mx\/wp-content\/uploads\/2022\/03\/Azure-Developer-Associate.png\" alt=\"\" class=\"wp-image-26034\" srcset=\"https:\/\/tria.com.mx\/wp-content\/uploads\/2022\/03\/Azure-Developer-Associate.png 340w, https:\/\/tria.com.mx\/wp-content\/uploads\/2022\/03\/Azure-Developer-Associate-300x300.png 300w, https:\/\/tria.com.mx\/wp-content\/uploads\/2022\/03\/Azure-Developer-Associate-150x150.png 150w\" sizes=\"auto, (max-width: 340px) 100vw, 340px\" \/><\/figure>\n<\/div>\n<\/div>\n\n\n\n<div class=\"wp-block-columns is-layout-flex wp-container-core-columns-is-layout-9d6595d7 wp-block-columns-is-layout-flex\">\n<div class=\"wp-block-column is-layout-flow wp-block-column-is-layout-flow\">\n<figure class=\"wp-block-image size-full\"><img loading=\"lazy\" decoding=\"async\" width=\"340\" height=\"340\" src=\"http:\/\/tria.com.mx\/wp-content\/uploads\/2022\/03\/GCP-Professional-Architect_c.png\" alt=\"\" class=\"wp-image-26046\" srcset=\"https:\/\/tria.com.mx\/wp-content\/uploads\/2022\/03\/GCP-Professional-Architect_c.png 340w, https:\/\/tria.com.mx\/wp-content\/uploads\/2022\/03\/GCP-Professional-Architect_c-300x300.png 300w, https:\/\/tria.com.mx\/wp-content\/uploads\/2022\/03\/GCP-Professional-Architect_c-150x150.png 150w\" sizes=\"auto, (max-width: 340px) 100vw, 340px\" \/><\/figure>\n<\/div>\n\n\n\n<div class=\"wp-block-column is-layout-flow wp-block-column-is-layout-flow\">\n<figure class=\"wp-block-image size-full\"><img loading=\"lazy\" decoding=\"async\" width=\"340\" height=\"340\" src=\"http:\/\/tria.com.mx\/wp-content\/uploads\/2022\/03\/GCP-Associate.png\" alt=\"\" class=\"wp-image-26037\" srcset=\"https:\/\/tria.com.mx\/wp-content\/uploads\/2022\/03\/GCP-Associate.png 340w, https:\/\/tria.com.mx\/wp-content\/uploads\/2022\/03\/GCP-Associate-300x300.png 300w, https:\/\/tria.com.mx\/wp-content\/uploads\/2022\/03\/GCP-Associate-150x150.png 150w\" sizes=\"auto, (max-width: 340px) 100vw, 340px\" \/><\/figure>\n<\/div>\n\n\n\n<div class=\"wp-block-column is-layout-flow wp-block-column-is-layout-flow\">\n<figure class=\"wp-block-image size-full\"><img loading=\"lazy\" decoding=\"async\" width=\"340\" height=\"340\" src=\"http:\/\/tria.com.mx\/wp-content\/uploads\/2022\/03\/Oracle-Architect-Professional-2019.png\" alt=\"\" class=\"wp-image-26056\" srcset=\"https:\/\/tria.com.mx\/wp-content\/uploads\/2022\/03\/Oracle-Architect-Professional-2019.png 340w, https:\/\/tria.com.mx\/wp-content\/uploads\/2022\/03\/Oracle-Architect-Professional-2019-300x300.png 300w, https:\/\/tria.com.mx\/wp-content\/uploads\/2022\/03\/Oracle-Architect-Professional-2019-150x150.png 150w\" sizes=\"auto, (max-width: 340px) 100vw, 340px\" \/><\/figure>\n<\/div>\n\n\n\n<div class=\"wp-block-column is-layout-flow wp-block-column-is-layout-flow\">\n<figure class=\"wp-block-image size-full\"><img loading=\"lazy\" decoding=\"async\" width=\"340\" height=\"340\" src=\"http:\/\/tria.com.mx\/wp-content\/uploads\/2022\/03\/Oracle-Cloud-Foundation.png\" alt=\"\" class=\"wp-image-26057\" srcset=\"https:\/\/tria.com.mx\/wp-content\/uploads\/2022\/03\/Oracle-Cloud-Foundation.png 340w, https:\/\/tria.com.mx\/wp-content\/uploads\/2022\/03\/Oracle-Cloud-Foundation-300x300.png 300w, https:\/\/tria.com.mx\/wp-content\/uploads\/2022\/03\/Oracle-Cloud-Foundation-150x150.png 150w\" sizes=\"auto, (max-width: 340px) 100vw, 340px\" \/><\/figure>\n<\/div>\n\n\n\n<div class=\"wp-block-column is-layout-flow wp-block-column-is-layout-flow\">\n<figure class=\"wp-block-image size-full\"><img loading=\"lazy\" decoding=\"async\" width=\"340\" height=\"340\" src=\"http:\/\/tria.com.mx\/wp-content\/uploads\/2022\/03\/Oracle-Specialist.png\" alt=\"\" class=\"wp-image-26059\" srcset=\"https:\/\/tria.com.mx\/wp-content\/uploads\/2022\/03\/Oracle-Specialist.png 340w, https:\/\/tria.com.mx\/wp-content\/uploads\/2022\/03\/Oracle-Specialist-300x300.png 300w, https:\/\/tria.com.mx\/wp-content\/uploads\/2022\/03\/Oracle-Specialist-150x150.png 150w\" sizes=\"auto, (max-width: 340px) 100vw, 340px\" \/><\/figure>\n<\/div>\n\n\n\n<div class=\"wp-block-column is-layout-flow wp-block-column-is-layout-flow\">\n<figure class=\"wp-block-image size-full\"><img loading=\"lazy\" decoding=\"async\" width=\"340\" height=\"340\" src=\"https:\/\/tria.com.mx\/wp-content\/uploads\/2022\/03\/PMP-1.png\" alt=\"\" class=\"wp-image-26064\" srcset=\"https:\/\/tria.com.mx\/wp-content\/uploads\/2022\/03\/PMP-1.png 340w, https:\/\/tria.com.mx\/wp-content\/uploads\/2022\/03\/PMP-1-300x300.png 300w, https:\/\/tria.com.mx\/wp-content\/uploads\/2022\/03\/PMP-1-150x150.png 150w\" sizes=\"auto, (max-width: 340px) 100vw, 340px\" \/><\/figure>\n<\/div>\n\n\n\n<div class=\"wp-block-column is-layout-flow wp-block-column-is-layout-flow\">\n<figure class=\"wp-block-image size-full\"><img loading=\"lazy\" decoding=\"async\" width=\"340\" height=\"340\" src=\"http:\/\/tria.com.mx\/wp-content\/uploads\/2022\/03\/Scrum-Foundation-Professiona.png\" alt=\"\" class=\"wp-image-26066\" srcset=\"https:\/\/tria.com.mx\/wp-content\/uploads\/2022\/03\/Scrum-Foundation-Professiona.png 340w, https:\/\/tria.com.mx\/wp-content\/uploads\/2022\/03\/Scrum-Foundation-Professiona-300x300.png 300w, https:\/\/tria.com.mx\/wp-content\/uploads\/2022\/03\/Scrum-Foundation-Professiona-150x150.png 150w\" sizes=\"auto, (max-width: 340px) 100vw, 340px\" \/><\/figure>\n<\/div>\n\n\n\n<div class=\"wp-block-column is-layout-flow wp-block-column-is-layout-flow\">\n<figure class=\"wp-block-image size-full\"><img loading=\"lazy\" decoding=\"async\" width=\"340\" height=\"340\" src=\"http:\/\/tria.com.mx\/wp-content\/uploads\/2022\/03\/SAFE4-Agile.png\" alt=\"\" class=\"wp-image-26050\" srcset=\"https:\/\/tria.com.mx\/wp-content\/uploads\/2022\/03\/SAFE4-Agile.png 340w, https:\/\/tria.com.mx\/wp-content\/uploads\/2022\/03\/SAFE4-Agile-300x300.png 300w, https:\/\/tria.com.mx\/wp-content\/uploads\/2022\/03\/SAFE4-Agile-150x150.png 150w\" sizes=\"auto, (max-width: 340px) 100vw, 340px\" \/><\/figure>\n<\/div>\n<\/div>\n\n\n\n<div class=\"wp-block-columns is-layout-flex wp-container-core-columns-is-layout-9d6595d7 wp-block-columns-is-layout-flex\">\n<div class=\"wp-block-column is-layout-flow wp-block-column-is-layout-flow\">\n<figure class=\"wp-block-image size-full\"><img loading=\"lazy\" decoding=\"async\" width=\"340\" height=\"340\" src=\"http:\/\/tria.com.mx\/wp-content\/uploads\/2022\/03\/ITIL-Foundation.png\" alt=\"\" class=\"wp-image-26048\" srcset=\"https:\/\/tria.com.mx\/wp-content\/uploads\/2022\/03\/ITIL-Foundation.png 340w, https:\/\/tria.com.mx\/wp-content\/uploads\/2022\/03\/ITIL-Foundation-300x300.png 300w, https:\/\/tria.com.mx\/wp-content\/uploads\/2022\/03\/ITIL-Foundation-150x150.png 150w\" sizes=\"auto, (max-width: 340px) 100vw, 340px\" \/><\/figure>\n<\/div>\n\n\n\n<div class=\"wp-block-column is-layout-flow wp-block-column-is-layout-flow\">\n<figure class=\"wp-block-image size-full\"><img loading=\"lazy\" decoding=\"async\" width=\"340\" height=\"340\" src=\"http:\/\/tria.com.mx\/wp-content\/uploads\/2022\/03\/Terrafom-Associate.png\" alt=\"\" class=\"wp-image-26054\" srcset=\"https:\/\/tria.com.mx\/wp-content\/uploads\/2022\/03\/Terrafom-Associate.png 340w, https:\/\/tria.com.mx\/wp-content\/uploads\/2022\/03\/Terrafom-Associate-300x300.png 300w, https:\/\/tria.com.mx\/wp-content\/uploads\/2022\/03\/Terrafom-Associate-150x150.png 150w\" sizes=\"auto, (max-width: 340px) 100vw, 340px\" \/><\/figure>\n<\/div>\n\n\n\n<div class=\"wp-block-column is-layout-flow wp-block-column-is-layout-flow\">\n<figure class=\"wp-block-image size-full\"><img loading=\"lazy\" decoding=\"async\" width=\"340\" height=\"340\" src=\"http:\/\/tria.com.mx\/wp-content\/uploads\/2022\/03\/Operating-Kubernetes-IBM-Cloud.png\" alt=\"\" class=\"wp-image-26055\" srcset=\"https:\/\/tria.com.mx\/wp-content\/uploads\/2022\/03\/Operating-Kubernetes-IBM-Cloud.png 340w, https:\/\/tria.com.mx\/wp-content\/uploads\/2022\/03\/Operating-Kubernetes-IBM-Cloud-300x300.png 300w, https:\/\/tria.com.mx\/wp-content\/uploads\/2022\/03\/Operating-Kubernetes-IBM-Cloud-150x150.png 150w\" sizes=\"auto, (max-width: 340px) 100vw, 340px\" \/><\/figure>\n<\/div>\n\n\n\n<div class=\"wp-block-column is-layout-flow wp-block-column-is-layout-flow\">\n<figure class=\"wp-block-image size-full\"><img loading=\"lazy\" decoding=\"async\" width=\"340\" height=\"340\" src=\"http:\/\/tria.com.mx\/wp-content\/uploads\/2022\/03\/SAP-Technology.png\" alt=\"\" class=\"wp-image-26060\" srcset=\"https:\/\/tria.com.mx\/wp-content\/uploads\/2022\/03\/SAP-Technology.png 340w, https:\/\/tria.com.mx\/wp-content\/uploads\/2022\/03\/SAP-Technology-300x300.png 300w, https:\/\/tria.com.mx\/wp-content\/uploads\/2022\/03\/SAP-Technology-150x150.png 150w\" sizes=\"auto, (max-width: 340px) 100vw, 340px\" \/><\/figure>\n<\/div>\n\n\n\n<div class=\"wp-block-column is-layout-flow wp-block-column-is-layout-flow\">\n<figure class=\"wp-block-image size-full\"><img loading=\"lazy\" decoding=\"async\" width=\"340\" height=\"340\" src=\"http:\/\/tria.com.mx\/wp-content\/uploads\/2022\/03\/Oracle-NetSuite-SuiteFoundation.png\" alt=\"\" class=\"wp-image-26058\" srcset=\"https:\/\/tria.com.mx\/wp-content\/uploads\/2022\/03\/Oracle-NetSuite-SuiteFoundation.png 340w, https:\/\/tria.com.mx\/wp-content\/uploads\/2022\/03\/Oracle-NetSuite-SuiteFoundation-300x300.png 300w, https:\/\/tria.com.mx\/wp-content\/uploads\/2022\/03\/Oracle-NetSuite-SuiteFoundation-150x150.png 150w\" sizes=\"auto, (max-width: 340px) 100vw, 340px\" \/><\/figure>\n<\/div>\n\n\n\n<div class=\"wp-block-column is-layout-flow wp-block-column-is-layout-flow\">\n<figure class=\"wp-block-image size-full\"><img loading=\"lazy\" decoding=\"async\" width=\"350\" height=\"350\" src=\"https:\/\/tria.com.mx\/wp-content\/uploads\/2022\/04\/ERP_Netsuite.png\" alt=\"\" class=\"wp-image-26979\" srcset=\"https:\/\/tria.com.mx\/wp-content\/uploads\/2022\/04\/ERP_Netsuite.png 350w, https:\/\/tria.com.mx\/wp-content\/uploads\/2022\/04\/ERP_Netsuite-300x300.png 300w, https:\/\/tria.com.mx\/wp-content\/uploads\/2022\/04\/ERP_Netsuite-150x150.png 150w\" sizes=\"auto, (max-width: 350px) 100vw, 350px\" \/><\/figure>\n<\/div>\n\n\n\n<div class=\"wp-block-column is-layout-flow wp-block-column-is-layout-flow\"><\/div>\n\n\n\n<div class=\"wp-block-column is-layout-flow wp-block-column-is-layout-flow\"><\/div>\n<\/div>\n<\/div><\/div>\n\n\n\n<div class=\"wp-block-cover alignfull is-light has-parallax\" style=\"background-image:url(http:\/\/tria.com.mx\/wp-content\/uploads\/2022\/03\/Fondo9-scaled.jpg);min-height:300px;aspect-ratio:unset;\"><span aria-hidden=\"true\" class=\"has-ast-global-color-2-background-color wp-block-cover__gradient-background has-background-dim\"><\/span><div class=\"wp-block-cover__inner-container is-layout-flow wp-block-cover-is-layout-flow\">\n<h2 class=\"has-text-align-center has-text-color wp-block-heading\" style=\"color:#ffffff\">Proveemos el mejor servicio de Tecnolog\u00eda<\/h2>\n\n\n\n<p class=\"has-text-align-center\"><\/p>\n\n\n\n<div class=\"wp-block-buttons is-horizontal is-content-justification-center is-layout-flex wp-container-core-buttons-is-layout-499968f5 wp-block-buttons-is-layout-flex\">\n<div class=\"wp-block-button\"><a class=\"wp-block-button__link\" href=\"https:\/\/tria.com.mx\/?page_id=1819\">Cont\u00e1ctanos<\/a><\/div>\n<\/div>\n<\/div><\/div>\n\n\n\n<p><\/p>\n","protected":false},"excerpt":{"rendered":"<p>Qui\u00e9nes Somos TRIA es una empresa especializada en servicios de Tecnolog\u00eda de la Informaci\u00f3n, formada por una red de profesionales con experiencia en metodolog\u00edas y mejores pr\u00e1cticas a nivel mundial, que nos permite la entrega soluciones \u00e1giles y eficientes. Acompa\u00f1amos a nuestros clientes en la optimizaci\u00f3n de sus procesos y recursos, apoyados en tecnolog\u00edas de &hellip;<\/p>\n<p class=\"read-more\"> <a class=\"\" href=\"https:\/\/tria.com.mx\/?page_id=1816\"> <span class=\"screen-reader-text\">Nosotros<\/span> Read More &raquo;<\/a><\/p>\n","protected":false},"author":1,"featured_media":0,"parent":0,"menu_order":0,"comment_status":"closed","ping_status":"closed","template":"","meta":{"om_disable_all_campaigns":false,"_monsterinsights_skip_tracking":false,"_monsterinsights_sitenote_active":false,"_monsterinsights_sitenote_note":"","_monsterinsights_sitenote_category":0,"site-sidebar-layout":"no-sidebar","site-content-layout":"plain-container","ast-main-header-display":"","ast-hfb-above-header-display":"","ast-hfb-below-header-display":"","ast-hfb-mobile-header-display":"","site-post-title":"disabled","ast-breadcrumbs-content":"","ast-featured-img":"disabled","footer-sml-layout":"","theme-transparent-header-meta":"enabled","adv-header-id-meta":"","stick-header-meta":"","header-above-stick-meta":"","header-main-stick-meta":"","header-below-stick-meta":"","footnotes":""},"class_list":["post-1816","page","type-page","status-publish","hentry"],"aioseo_notices":[],"uagb_featured_image_src":{"full":false,"thumbnail":false,"medium":false,"medium_large":false,"large":false,"1536x1536":false,"2048x2048":false},"uagb_author_info":{"display_name":"ronald.pebesm@gmail.com","author_link":"https:\/\/tria.com.mx\/?author=1"},"uagb_comment_info":0,"uagb_excerpt":"Qui\u00e9nes Somos TRIA es una empresa especializada en servicios de Tecnolog\u00eda de la Informaci\u00f3n, formada por una red de profesionales con experiencia en metodolog\u00edas y mejores pr\u00e1cticas a nivel mundial, que nos permite la entrega soluciones \u00e1giles y eficientes. Acompa\u00f1amos a nuestros clientes en la optimizaci\u00f3n de sus procesos y recursos, apoyados en tecnolog\u00edas de&hellip;","_links":{"self":[{"href":"https:\/\/tria.com.mx\/index.php?rest_route=\/wp\/v2\/pages\/1816","targetHints":{"allow":["GET"]}}],"collection":[{"href":"https:\/\/tria.com.mx\/index.php?rest_route=\/wp\/v2\/pages"}],"about":[{"href":"https:\/\/tria.com.mx\/index.php?rest_route=\/wp\/v2\/types\/page"}],"author":[{"embeddable":true,"href":"https:\/\/tria.com.mx\/index.php?rest_route=\/wp\/v2\/users\/1"}],"replies":[{"embeddable":true,"href":"https:\/\/tria.com.mx\/index.php?rest_route=%2Fwp%2Fv2%2Fcomments&post=1816"}],"version-history":[{"count":61,"href":"https:\/\/tria.com.mx\/index.php?rest_route=\/wp\/v2\/pages\/1816\/revisions"}],"predecessor-version":[{"id":27002,"href":"https:\/\/tria.com.mx\/index.php?rest_route=\/wp\/v2\/pages\/1816\/revisions\/27002"}],"wp:attachment":[{"href":"https:\/\/tria.com.mx\/index.php?rest_route=%2Fwp%2Fv2%2Fmedia&parent=1816"}],"curies":[{"name":"wp","href":"https:\/\/api.w.org\/{rel}","templated":true}]}}